{"id":129,"date":"2019-01-15T11:06:46","date_gmt":"2019-01-15T11:06:46","guid":{"rendered":"http:\/\/www.tierheilpraxis-hellwig.de\/?page_id=129"},"modified":"2023-01-09T08:51:47","modified_gmt":"2023-01-09T08:51:47","slug":"homooepathie","status":"publish","type":"page","link":"https:\/\/www.pfoetchenlounge.de\/?page_id=129","title":{"rendered":"Tierheilpraxis"},"content":{"rendered":"<p>&nbsp;<\/p>\n<p class=\"p1\"><span class=\"s2\">Im August 2009 begann ich eine Ausbildung zur Tiermedizinischen Fachangestellten. Jedoch reichte mir nur die eine Seite der Medizin nicht aus.\u00a0<\/span><\/p>\n<p class=\"p1\"><span class=\"s2\">So lie\u00dfe ich mich im Bereich der Naturheilmedizin f\u00fcr Tiere ausbilden und bin seit 2018 zertifizierte Tierheilpraktikerin.\u00a0<\/span><\/p>\n<p class=\"p1\"><span class=\"s2\">Mit bestem Wissen\/Erfahrungen aus meiner Zeit in der Tierarztpraxis und meiner Tierheilpraxis, nehme ich mir Ihr pers\u00f6nliches Anliegen an.\u00a0<\/span><\/p>\n<p>&nbsp;<\/p>\n<p class=\"p3\"><span class=\"s3\">-\u00c4hnliches mit \u00c4hnlichem-<\/span><\/p>\n<p class=\"p1\"><span class=\"s2\">Um eine individuelle Behandlungsmethode zu erreichen, stelle ich Ihnen w\u00e4hrend der Erstanamnese verschiedene Fragen zur Haltung, Verhalten, Vorerkrankungen\u00a0 und vieles mehr.<\/span><\/p>\n<p class=\"p1\"><span class=\"s2\">Bereits vorhandene Diagnosen und Untersuchungsergebnisse flie\u00dfen in die Erstanamnese mit ein um das Gesamtbild zu vervollst\u00e4ndigen.\u00a0<\/span><\/p>\n<p class=\"p1\"><span class=\"s2\">Meine Behandlungsm\u00f6glichkeiten sind vielseitig und ganzheitlich.<\/span><\/p>\n<p class=\"p1\"><span class=\"s2\">Die Gesunderhaltung unserer Tiere sollte ganz klar an erster Stelle stehen, diese beginnt bei der F\u00fctterung\/dem Maul und h\u00f6rt mit dem Kotabsatz\/dem Darm auf.\u00a0<\/span><\/p>\n<p class=\"p1\"><span class=\"s2\">\u00a0<\/span><\/p>\n<p class=\"p1\"><strong><span class=\"s2\">Das Angebot in\u00a0meiner Tierheilpraxis besteht aus folgenden Behandlungsmethoden\/Leistungen:<\/span><\/strong><\/p>\n<ul class=\"ul1\">\n<li class=\"li1\"><span class=\"s2\">Bachbl\u00fctentherapie<\/span><\/li>\n<li class=\"li1\"><span class=\"s2\">Hom\u00f6opathie<\/span><\/li>\n<li class=\"li1\"><span class=\"s2\">Ern\u00e4hrungsberatung<\/span><\/li>\n<li class=\"li1\"><span class=\"s2\">Zahnsteinentfernen\u00a0<\/span><span class=\"s5\">ohne<\/span><span class=\"s2\">\u00a0Narkose<\/span><\/li>\n<li class=\"li1\"><span class=\"s2\">Laboruntersuchung vor Ort : Kot-parasitologisch und Giardien, Harnuntersuchungen<\/span><\/li>\n<li class=\"li1\"><span class=\"s2\">Laboruntersuchungen bei meinem Partner Labor Vetscreen<\/span><\/li>\n<\/ul>\n<p class=\"p1\"><span class=\"s2\">Sie w\u00fcnschen weitere Informationen zu den Behandlungsmethoden oder m\u00f6chten einen Termin f\u00fcr Ihren Liebling vereinbaren?\u00a0<\/span><\/p>\n<p style=\"text-align: center;\"><strong>\u00a0<\/strong><\/p>\n<p style=\"text-align: center;\"><strong>Adresse: Uhlandstra\u00dfe 16 in 46397 Bocholt<\/strong><\/p>\n<p class=\"p1\"><span class=\"s2\">Dann melden Sie sich gerne.<\/span><\/p>\n<p class=\"p1\"><span class=\"s2\">Ich freue mich auf Sie!<\/span><\/p>\n","protected":false},"excerpt":{"rendered":"<p>&nbsp; Im August 2009 begann ich eine Ausbildung zur Tiermedizinischen Fachangestellten. Jedoch reichte mir nur die eine Seite der Medizin nicht aus.\u00a0 So lie\u00dfe ich mich im Bereich der Naturheilmedizin f\u00fcr Tiere ausbilden und bin seit 2018 zertifizierte Tierheilpraktikerin.\u00a0 Mit bestem Wissen\/Erfahrungen aus meiner Zeit in der Tierarztpraxis und meiner Tierheilpraxis, nehme ich mir Ihr &hellip;<\/p>\n","protected":false},"author":1,"featured_media":0,"parent":0,"menu_order":0,"comment_status":"closed","ping_status":"closed","template":"","meta":{"footnotes":""},"_links":{"self":[{"href":"https:\/\/www.pfoetchenlounge.de\/index.php?rest_route=\/wp\/v2\/pages\/129"}],"collection":[{"href":"https:\/\/www.pfoetchenlounge.de\/index.php?rest_route=\/wp\/v2\/pages"}],"about":[{"href":"https:\/\/www.pfoetchenlounge.de\/index.php?rest_route=\/wp\/v2\/types\/page"}],"author":[{"embeddable":true,"href":"https:\/\/www.pfoetchenlounge.de\/index.php?rest_route=\/wp\/v2\/users\/1"}],"replies":[{"embeddable":true,"href":"https:\/\/www.pfoetchenlounge.de\/index.php?rest_route=%2Fwp%2Fv2%2Fcomments&post=129"}],"version-history":[{"count":6,"href":"https:\/\/www.pfoetchenlounge.de\/index.php?rest_route=\/wp\/v2\/pages\/129\/revisions"}],"predecessor-version":[{"id":517,"href":"https:\/\/www.pfoetchenlounge.de\/index.php?rest_route=\/wp\/v2\/pages\/129\/revisions\/517"}],"wp:attachment":[{"href":"https:\/\/www.pfoetchenlounge.de\/index.php?rest_route=%2Fwp%2Fv2%2Fmedia&parent=129"}],"curies":[{"name":"wp","href":"https:\/\/api.w.org\/{rel}","templated":true}]}}