{"id":164,"date":"2019-01-21T10:17:52","date_gmt":"2019-01-21T10:17:52","guid":{"rendered":"http:\/\/www.tierheilpraxis-hellwig.de\/?page_id=164"},"modified":"2024-01-26T09:42:58","modified_gmt":"2024-01-26T09:42:58","slug":"akupunktur","status":"publish","type":"page","link":"https:\/\/www.pfoetchenlounge.de\/?page_id=164","title":{"rendered":"Hundefriseur"},"content":{"rendered":"\n<pre class=\"wp-block-preformatted\">\n<\/pre>\n\n\n\n<p><strong>Qualit\u00e4t statt Quantit\u00e4t!<\/strong><\/p>\n\n\n\n<p>In meinem Hundesalon, wird auf die Bed\u00fcrfnisse jedes Hundes individuell eingegangen.&nbsp;<\/p>\n\n\n\n<p>Egal ob jung oder alt, langes oder kurzes Fell, kleiner oder gro\u00dfer Hund. Ich arbeite fachkundig und einf\u00fchlsam.&nbsp;<\/p>\n\n\n\n<p>Sie entscheiden, ob Ihr Liebling rassetypisch oder eher pflegeleicht den Salon verl\u00e4sst.<\/p>\n\n\n\n<p>Auch Welpen, die vor Ihrem ersten Haarschnitt stehen, werden spielerisch und kurzweilig an den Hundefriseur ran gef\u00fchrt.<\/p>\n\n\n\n<p>Jedoch sollten Sie im Hinterkopf behalten, das Ihr Welpe in der ersten Zeit nicht perfekt geschnitten aussieht und bitte da auch um Verst\u00e4ndnis.&nbsp;<\/p>\n\n\n\n<p>Es steht im Vordergrund, das Erlebte positiv zu verkn\u00fcpfen um die n\u00e4chsten Friseurtermine stressfrei zu absolvieren.<\/p>\n\n\n\n<p>Ganz egal welche Behandlung notwendig ist, ist f\u00fcr mich der artgerechte und respektvolle Umgang mit Ihrem Hund selbstverst\u00e4ndlich.<\/p>\n\n\n\n<p><strong>Zu meinen Angeboten z\u00e4hlen:<\/strong><\/p>\n\n\n\n<ul>\n<li>Schneiden, Trimmen, Scheren<\/li>\n\n\n\n<li>Entfilzen, Unterwolle entfernen&nbsp;&nbsp;&nbsp;&nbsp;<\/li>\n\n\n\n<li>B\u00fcrsten und K\u00e4mmen&nbsp;<\/li>\n\n\n\n<li>Baden<\/li>\n\n\n\n<li>Zahnsteinentfernen&nbsp;ohne&nbsp;Narkose<\/li>\n<\/ul>\n\n\n\n<p>Um lange Wartezeiten zu vermeiden arbeite ich ausschlie\u00dflich nach Terminvereinbarung.&nbsp;<\/p>\n\n\n\n<p class=\"has-text-align-center\"> <\/p>\n\n\n\n<p class=\"has-text-align-center\"><strong> Adresse: Uhlandstra\u00dfe 16 in 46397 Bocholt<\/strong><\/p>\n\n\n\n<p>Ich freue mich auf Sie!<\/p>\n\n\n\n<p><strong>Hinweis:<\/strong><\/p>\n\n\n\n<p>&#8211; Bitte KEINE l\u00e4ufigen H\u00fcndinnen zu einem Termin bringen<br>&#8211; Bitte f\u00fchren Sie Ihre Hunde vor dem Friseurtermin raus<br>&#8211; Bitte sagen Sie Termine min. 24h vorher ab. Geschieht dies zu kurzfristig, bin ich leider gezwungen eine Ausfallpauschale zu berechnen!<\/p>\n\n\n\n<p>Vielen Dank f\u00fcr Ihr Verst\u00e4ndnis<\/p>\n\n\n\n<p><\/p>\n\n\n\n<p><\/p>\n\n\n\n<p><\/p>\n\n\n\n<p class=\"has-text-align-left\"><\/p>\n\n\n\n<p><\/p>\n","protected":false},"excerpt":{"rendered":"<p>Qualit\u00e4t statt Quantit\u00e4t! In meinem Hundesalon, wird auf die Bed\u00fcrfnisse jedes Hundes individuell eingegangen.&nbsp; Egal ob jung oder alt, langes oder kurzes Fell, kleiner oder gro\u00dfer Hund. Ich arbeite fachkundig und einf\u00fchlsam.&nbsp; Sie entscheiden, ob Ihr Liebling rassetypisch oder eher pflegeleicht den Salon verl\u00e4sst. Auch Welpen, die vor Ihrem ersten Haarschnitt stehen, werden spielerisch und &hellip;<\/p>\n","protected":false},"author":1,"featured_media":0,"parent":0,"menu_order":0,"comment_status":"closed","ping_status":"closed","template":"","meta":{"footnotes":""},"_links":{"self":[{"href":"https:\/\/www.pfoetchenlounge.de\/index.php?rest_route=\/wp\/v2\/pages\/164"}],"collection":[{"href":"https:\/\/www.pfoetchenlounge.de\/index.php?rest_route=\/wp\/v2\/pages"}],"about":[{"href":"https:\/\/www.pfoetchenlounge.de\/index.php?rest_route=\/wp\/v2\/types\/page"}],"author":[{"embeddable":true,"href":"https:\/\/www.pfoetchenlounge.de\/index.php?rest_route=\/wp\/v2\/users\/1"}],"replies":[{"embeddable":true,"href":"https:\/\/www.pfoetchenlounge.de\/index.php?rest_route=%2Fwp%2Fv2%2Fcomments&post=164"}],"version-history":[{"count":13,"href":"https:\/\/www.pfoetchenlounge.de\/index.php?rest_route=\/wp\/v2\/pages\/164\/revisions"}],"predecessor-version":[{"id":541,"href":"https:\/\/www.pfoetchenlounge.de\/index.php?rest_route=\/wp\/v2\/pages\/164\/revisions\/541"}],"wp:attachment":[{"href":"https:\/\/www.pfoetchenlounge.de\/index.php?rest_route=%2Fwp%2Fv2%2Fmedia&parent=164"}],"curies":[{"name":"wp","href":"https:\/\/api.w.org\/{rel}","templated":true}]}}