{"id":24,"date":"2018-03-27T11:54:57","date_gmt":"2018-03-27T11:54:57","guid":{"rendered":"https:\/\/www.tierheilpraxis-hellwig.de\/?page_id=24"},"modified":"2025-06-25T08:59:44","modified_gmt":"2025-06-25T08:59:44","slug":"impressum","status":"publish","type":"page","link":"https:\/\/www.pfoetchenlounge.de\/?page_id=24","title":{"rendered":"Impressum"},"content":{"rendered":"<h2>Impressum<\/h2>\n<p>Anbieter, Herausgeber:<\/p>\n<p>Sarah Hellwig<\/p>\n<p>&nbsp;<\/p>\n<p>postalische Adresse:<\/p>\n<p>Am Freibad 26<\/p>\n<p>46499 Hamminkeln-Dingden<\/p>\n<p>&nbsp;<\/p>\n<p>Standort:<\/p>\n<p>Uhlandstra\u00dfe 16<\/p>\n<p>46397 Bocholt<\/p>\n<p>&nbsp;<\/p>\n<p>Mobil: 01578-8414249<\/p>\n<p>E-Mail: info@pfoetchenlounge.de<\/p>\n<p>&nbsp;<\/p>\n<p>Haftungshinweis<\/p>\n<p>Trotz sorgf\u00e4ltiger inhaltlicher Kontrolle \u00fcbernehmen wir keine Haftung f\u00fcr die Inhalte externer Links. F\u00fcr den Inhalt der verlinkten Seiten sind ausschlie\u00dflich deren Betreiber verantwortlich. Wir sind bem\u00fcht, unser Webangebot stets aktuell und inhaltlich richtig sowie vollst\u00e4ndig anzubieten. Dennoch ist das Auftreten von Fehlern nicht vollst\u00e4ndig auszuschlie\u00dfen. Wir \u00fcbernehmen keine Haftung f\u00fcr die Aktualit\u00e4t, die inhaltliche Richtigkeit sowie f\u00fcr die Vollst\u00e4ndigkeit in unserem Webangebot eingestellter Informationen, es sei denn die Fehler wurden vors\u00e4tzlich oder grob fahrl\u00e4ssig aufgenommen. Dies bezieht sich auf eventuelle Sch\u00e4den materieller oder ideeller Art Dritter, die durch die Nutzung dieses Webangebotes verursacht wurden.<\/p>\n<p><a href=\"https:\/\/www.pfoetchenlounge.de\/?page_id=103\"><strong>Datenschutz<\/strong><\/a><\/p>\n","protected":false},"excerpt":{"rendered":"<p>Impressum Anbieter, Herausgeber: Sarah Hellwig &nbsp; postalische Adresse: Am Freibad 26 46499 Hamminkeln-Dingden &nbsp; Standort: Uhlandstra\u00dfe 16 46397 Bocholt &nbsp; Mobil: 01578-8414249 E-Mail: info@pfoetchenlounge.de &nbsp; Haftungshinweis Trotz sorgf\u00e4ltiger inhaltlicher Kontrolle \u00fcbernehmen wir keine Haftung f\u00fcr die Inhalte externer Links. F\u00fcr den Inhalt der verlinkten Seiten sind ausschlie\u00dflich deren Betreiber verantwortlich. Wir sind bem\u00fcht, unser Webangebot &hellip;<\/p>\n","protected":false},"author":1,"featured_media":0,"parent":0,"menu_order":0,"comment_status":"closed","ping_status":"closed","template":"","meta":{"footnotes":""},"_links":{"self":[{"href":"https:\/\/www.pfoetchenlounge.de\/index.php?rest_route=\/wp\/v2\/pages\/24"}],"collection":[{"href":"https:\/\/www.pfoetchenlounge.de\/index.php?rest_route=\/wp\/v2\/pages"}],"about":[{"href":"https:\/\/www.pfoetchenlounge.de\/index.php?rest_route=\/wp\/v2\/types\/page"}],"author":[{"embeddable":true,"href":"https:\/\/www.pfoetchenlounge.de\/index.php?rest_route=\/wp\/v2\/users\/1"}],"replies":[{"embeddable":true,"href":"https:\/\/www.pfoetchenlounge.de\/index.php?rest_route=%2Fwp%2Fv2%2Fcomments&post=24"}],"version-history":[{"count":4,"href":"https:\/\/www.pfoetchenlounge.de\/index.php?rest_route=\/wp\/v2\/pages\/24\/revisions"}],"predecessor-version":[{"id":585,"href":"https:\/\/www.pfoetchenlounge.de\/index.php?rest_route=\/wp\/v2\/pages\/24\/revisions\/585"}],"wp:attachment":[{"href":"https:\/\/www.pfoetchenlounge.de\/index.php?rest_route=%2Fwp%2Fv2%2Fmedia&parent=24"}],"curies":[{"name":"wp","href":"https:\/\/api.w.org\/{rel}","templated":true}]}}