{"id":486,"date":"2022-09-01T07:55:19","date_gmt":"2022-09-01T07:55:19","guid":{"rendered":"https:\/\/www.pfoetchenlounge.de\/?page_id=486"},"modified":"2024-03-04T07:58:40","modified_gmt":"2024-03-04T07:58:40","slug":"neukunden-anmeldung","status":"publish","type":"page","link":"https:\/\/www.pfoetchenlounge.de\/?page_id=486","title":{"rendered":"Neu-\/Bestandskunden"},"content":{"rendered":"<section id=\"builder-section-text_11\" class=\"builder-section-first builder-section builder-section-text builder-section-next-text builder-section-full-width builder-text-columns-1\" style=\"background-size: cover; background-repeat: no-repeat;background-position: center center;\">\n<h3 class=\"builder-text-section-title\">\n        Neuanmeldung    <\/h3>\n<div class=\"builder-section-content\">\n<div class=\"builder-text-row\">\n<div class=\"builder-text-column builder-text-column-1\" id=\"builder-section-text_11-column-1\">\n<div class=\"builder-text-content\">\n<div class=\"wpforms-container wpforms-container-full\" id=\"wpforms-488\"><form id=\"wpforms-form-488\" class=\"wpforms-validate wpforms-form wpforms-ajax-form\" data-formid=\"488\" method=\"post\" enctype=\"multipart\/form-data\" action=\"\/index.php?rest_route=%2Fwp%2Fv2%2Fpages%2F486\" data-token=\"659bde91365479e487a15c7ce0fd5ff4\" data-token-time=\"1777035413\"><noscript class=\"wpforms-error-noscript\">Bitte aktiviere JavaScript in deinem Browser, um dieses Formular fertigzustellen.<\/noscript><div class=\"wpforms-field-container\"><div id=\"wpforms-488-field_7-container\" class=\"wpforms-field wpforms-field-name\" data-field-id=\"7\"><label class=\"wpforms-field-label\" for=\"wpforms-488-field_7\">Name <span class=\"wpforms-required-label\">*<\/span><\/label><div class=\"wpforms-field-row wpforms-field-medium\"><div class=\"wpforms-field-row-block wpforms-first wpforms-one-half\"><input type=\"text\" id=\"wpforms-488-field_7\" class=\"wpforms-field-name-first wpforms-field-required\" name=\"wpforms[fields][7][first]\" placeholder=\"Vorname\" required><label for=\"wpforms-488-field_7\" class=\"wpforms-field-sublabel after wpforms-sublabel-hide\">Vorname<\/label><\/div><div class=\"wpforms-field-row-block wpforms-one-half\"><input type=\"text\" id=\"wpforms-488-field_7-last\" class=\"wpforms-field-name-last wpforms-field-required\" name=\"wpforms[fields][7][last]\" placeholder=\"Nachname\" required><label for=\"wpforms-488-field_7-last\" class=\"wpforms-field-sublabel after wpforms-sublabel-hide\">Nachname<\/label><\/div><\/div><\/div><div id=\"wpforms-488-field_0-container\" class=\"wpforms-field wpforms-field-name\" data-field-id=\"0\"><label class=\"wpforms-field-label\" for=\"wpforms-488-field_0\">PLZ und Wohnort <span class=\"wpforms-required-label\">*<\/span><\/label><div class=\"wpforms-field-row wpforms-field-medium\"><div class=\"wpforms-field-row-block wpforms-first wpforms-one-half\"><input type=\"text\" id=\"wpforms-488-field_0\" class=\"wpforms-field-name-first wpforms-field-required\" name=\"wpforms[fields][0][first]\" placeholder=\"PLZ\" required><label for=\"wpforms-488-field_0\" class=\"wpforms-field-sublabel after wpforms-sublabel-hide\">Vorname<\/label><\/div><div class=\"wpforms-field-row-block wpforms-one-half\"><input type=\"text\" id=\"wpforms-488-field_0-last\" class=\"wpforms-field-name-last wpforms-field-required\" name=\"wpforms[fields][0][last]\" placeholder=\"Ort\" required><label for=\"wpforms-488-field_0-last\" class=\"wpforms-field-sublabel after wpforms-sublabel-hide\">Nachname<\/label><\/div><\/div><\/div><div id=\"wpforms-488-field_3-container\" class=\"wpforms-field wpforms-field-text\" data-field-id=\"3\"><label class=\"wpforms-field-label\" for=\"wpforms-488-field_3\">Stra\u00dfe und Hausnummer <span class=\"wpforms-required-label\">*<\/span><\/label><input type=\"text\" id=\"wpforms-488-field_3\" class=\"wpforms-field-medium wpforms-field-required\" name=\"wpforms[fields][3]\" required><\/div><div id=\"wpforms-488-field_8-container\" class=\"wpforms-field wpforms-field-name\" data-field-id=\"8\"><label class=\"wpforms-field-label\" for=\"wpforms-488-field_8\">Telefon(Privat) und Mobil <span class=\"wpforms-required-label\">*<\/span><\/label><div class=\"wpforms-field-row wpforms-field-medium\"><div class=\"wpforms-field-row-block wpforms-first wpforms-one-half\"><input type=\"text\" id=\"wpforms-488-field_8\" class=\"wpforms-field-name-first wpforms-field-required\" name=\"wpforms[fields][8][first]\" placeholder=\"privat\" required><label for=\"wpforms-488-field_8\" class=\"wpforms-field-sublabel after wpforms-sublabel-hide\">Vorname<\/label><\/div><div class=\"wpforms-field-row-block wpforms-one-half\"><input type=\"text\" id=\"wpforms-488-field_8-last\" class=\"wpforms-field-name-last wpforms-field-required\" name=\"wpforms[fields][8][last]\" placeholder=\"mobil\" required><label for=\"wpforms-488-field_8-last\" class=\"wpforms-field-sublabel after wpforms-sublabel-hide\">Nachname<\/label><\/div><\/div><\/div><div id=\"wpforms-488-field_1-container\" class=\"wpforms-field wpforms-field-email\" data-field-id=\"1\"><label class=\"wpforms-field-label\" for=\"wpforms-488-field_1\">E-Mail <span class=\"wpforms-required-label\">*<\/span><\/label><input type=\"email\" id=\"wpforms-488-field_1\" class=\"wpforms-field-medium wpforms-field-required\" name=\"wpforms[fields][1]\" placeholder=\"Email\" spellcheck=\"false\" required><\/div><div id=\"wpforms-488-field_14-container\" class=\"wpforms-field wpforms-field-text\" data-field-id=\"14\"><label class=\"wpforms-field-label\" for=\"wpforms-488-field_14\">Ihr Tier: <span class=\"wpforms-required-label\">*<\/span><\/label><input type=\"text\" id=\"wpforms-488-field_14\" class=\"wpforms-field-medium wpforms-field-required\" name=\"wpforms[fields][14]\" placeholder=\"Tierart\" required><\/div><div id=\"wpforms-488-field_15-container\" class=\"wpforms-field wpforms-field-name\" data-field-id=\"15\"><label class=\"wpforms-field-label\" for=\"wpforms-488-field_15\">Name <span class=\"wpforms-required-label\">*<\/span><\/label><div class=\"wpforms-field-row wpforms-field-medium\"><div class=\"wpforms-field-row-block wpforms-first wpforms-one-half\"><input type=\"text\" id=\"wpforms-488-field_15\" class=\"wpforms-field-name-first wpforms-field-required\" name=\"wpforms[fields][15][first]\" placeholder=\"Name\" required><label for=\"wpforms-488-field_15\" class=\"wpforms-field-sublabel after wpforms-sublabel-hide\">Vorname<\/label><\/div><div class=\"wpforms-field-row-block wpforms-one-half\"><input type=\"text\" id=\"wpforms-488-field_15-last\" class=\"wpforms-field-name-last wpforms-field-required\" name=\"wpforms[fields][15][last]\" placeholder=\"Rasse\" required><label for=\"wpforms-488-field_15-last\" class=\"wpforms-field-sublabel after wpforms-sublabel-hide\">Nachname<\/label><\/div><\/div><\/div><div id=\"wpforms-488-field_11-container\" class=\"wpforms-field wpforms-field-radio\" data-field-id=\"11\"><label class=\"wpforms-field-label\">Geschlecht <span class=\"wpforms-required-label\">*<\/span><\/label><ul id=\"wpforms-488-field_11\" class=\"wpforms-field-required\"><li class=\"choice-1 depth-1\"><input type=\"radio\" id=\"wpforms-488-field_11_1\" name=\"wpforms[fields][11]\" value=\"weiblich\" required ><label class=\"wpforms-field-label-inline\" for=\"wpforms-488-field_11_1\">weiblich<\/label><\/li><li class=\"choice-2 depth-1\"><input type=\"radio\" id=\"wpforms-488-field_11_2\" name=\"wpforms[fields][11]\" value=\"m\u00e4nnlich\" required ><label class=\"wpforms-field-label-inline\" for=\"wpforms-488-field_11_2\">m\u00e4nnlich<\/label><\/li><\/ul><\/div><div id=\"wpforms-488-field_12-container\" class=\"wpforms-field wpforms-field-checkbox\" data-field-id=\"12\"><label class=\"wpforms-field-label wpforms-label-hide\">kastriert<\/label><ul id=\"wpforms-488-field_12\"><li class=\"choice-1 depth-1\"><input type=\"checkbox\" id=\"wpforms-488-field_12_1\" name=\"wpforms[fields][12][]\" value=\"kastriert\"  ><label class=\"wpforms-field-label-inline\" for=\"wpforms-488-field_12_1\">kastriert<\/label><\/li><\/ul><\/div><div id=\"wpforms-488-field_5-container\" class=\"wpforms-field wpforms-field-text\" data-field-id=\"5\"><label class=\"wpforms-field-label\" for=\"wpforms-488-field_5\">Wenn Ja, wann?<\/label><input type=\"text\" id=\"wpforms-488-field_5\" class=\"wpforms-field-medium\" name=\"wpforms[fields][5]\" ><\/div><div id=\"wpforms-488-field_13-container\" class=\"wpforms-field wpforms-field-text\" data-field-id=\"13\"><label class=\"wpforms-field-label\" for=\"wpforms-488-field_13\">Geburtsdatum <span class=\"wpforms-required-label\">*<\/span><\/label><input type=\"text\" id=\"wpforms-488-field_13\" class=\"wpforms-field-medium wpforms-field-required\" name=\"wpforms[fields][13]\" required><\/div><div id=\"wpforms-488-field_20-container\" class=\"wpforms-field wpforms-field-checkbox\" data-field-id=\"20\"><label class=\"wpforms-field-label wpforms-label-hide\">Checkboxen <span class=\"wpforms-required-label\">*<\/span><\/label><ul id=\"wpforms-488-field_20\" class=\"wpforms-field-required\"><li class=\"choice-1 depth-1\"><input type=\"checkbox\" id=\"wpforms-488-field_20_1\" name=\"wpforms[fields][20][]\" value=\"Ich versichere, dass ich Halter des Tieres und deshalb berechtigt bin, einen Vertrag \u00fcber die Durchf\u00fchrung erforderlicher Behandlungen o.\u00c4. zu schlie\u00dfen. Ich versichere ferner, dass ich willens und in der Lage bin, die dadurch entstehenden Kosten zu tragen.   Sofern ich nicht der Halter des Tieres bin, versichere ich, im ausdr\u00fccklichen Auftrag des Tierhalters zu handeln. Fehlt es an einer Bevollm\u00e4chtigung in Abrede, best\u00e4tige ich hiermit, das ich f\u00fcr die entstehenden Kosten aus der Behandlung aufkommen werde.    Soweit es zur Diagnosefindung erforderlich ist, erm\u00e4chtige ich den Inhaber der Pf\u00f6tchenlounge, Leistungen Dritter( Labors, u.\u00c4.) in meinem Namen und auf meine Rechnung in Anspruch zu nehmen.  Ich zahle die entstehenden Kosten sofort in Bar.\" required ><label class=\"wpforms-field-label-inline\" for=\"wpforms-488-field_20_1\">Ich versichere, dass ich Halter des Tieres und deshalb berechtigt bin, einen Vertrag \u00fcber die Durchf\u00fchrung erforderlicher Behandlungen o.\u00c4. zu schlie\u00dfen. Ich versichere ferner, dass ich willens und in der Lage bin, die dadurch entstehenden Kosten zu tragen.   Sofern ich nicht der Halter des Tieres bin, versichere ich, im ausdr\u00fccklichen Auftrag des Tierhalters zu handeln. Fehlt es an einer Bevollm\u00e4chtigung in Abrede, best\u00e4tige ich hiermit, das ich f\u00fcr die entstehenden Kosten aus der Behandlung aufkommen werde.    Soweit es zur Diagnosefindung erforderlich ist, erm\u00e4chtige ich den Inhaber der Pf\u00f6tchenlounge, Leistungen Dritter( Labors, u.\u00c4.) in meinem Namen und auf meine Rechnung in Anspruch zu nehmen.  Ich zahle die entstehenden Kosten sofort in Bar.<\/label><\/li><\/ul><\/div><div id=\"wpforms-488-field_16-container\" class=\"wpforms-field wpforms-field-checkbox\" data-field-id=\"16\"><label class=\"wpforms-field-label wpforms-label-hide\">Checkboxen <span class=\"wpforms-required-label\">*<\/span><\/label><ul id=\"wpforms-488-field_16\" class=\"wpforms-field-required\"><li class=\"choice-1 depth-1\"><input type=\"checkbox\" id=\"wpforms-488-field_16_1\" name=\"wpforms[fields][16][]\" value=\"Ich habe die Datenschutzerkl\u00e4rung gelesen.\" required ><label class=\"wpforms-field-label-inline\" for=\"wpforms-488-field_16_1\">Ich habe die Datenschutzerkl\u00e4rung gelesen.<\/label><\/li><li class=\"choice-2 depth-1\"><input type=\"checkbox\" id=\"wpforms-488-field_16_2\" name=\"wpforms[fields][16][]\" value=\"Ich habe die Informationen f\u00fcr Neu- und Bestandskunden gelesen.\" required ><label class=\"wpforms-field-label-inline\" for=\"wpforms-488-field_16_2\">Ich habe die Informationen f\u00fcr Neu- und Bestandskunden gelesen.<\/label><\/li><\/ul><\/div><\/div><!-- .wpforms-field-container --><div class=\"wpforms-submit-container\" ><input type=\"hidden\" name=\"wpforms[id]\" value=\"488\"><input type=\"hidden\" name=\"page_title\" value=\"\"><input type=\"hidden\" name=\"page_url\" value=\"https:\/\/www.pfoetchenlounge.de\/index.php?rest_route=%2Fwp%2Fv2%2Fpages%2F486\"><button type=\"submit\" name=\"wpforms[submit]\" id=\"wpforms-submit-488\" class=\"wpforms-submit\" data-alt-text=\"Senden\u2026\" data-submit-text=\"Absenden\" aria-live=\"assertive\" value=\"wpforms-submit\">Absenden<\/button><img src=\"https:\/\/www.pfoetchenlounge.de\/wp-content\/plugins\/wpforms-lite\/assets\/images\/submit-spin.svg\" class=\"wpforms-submit-spinner\" style=\"display: none;\" width=\"26\" height=\"26\" alt=\"Wird geladen\"><\/div><\/form><\/div>  <!-- .wpforms-container -->\n<\/p><\/div>\n<\/p><\/div>\n<\/p><\/div>\n<\/p><\/div>\n<\/section>\n<section id=\"builder-section-text_25\" class=\"builder-section-prev-text builder-section builder-section-text builder-section-next-banner builder-section-full-width builder-text-columns-1\" style=\"background-size: cover; background-repeat: no-repeat;background-position: center center;\">\n<div class=\"builder-section-content\">\n<div class=\"builder-text-row\">\n<div class=\"builder-text-column builder-text-column-1\" id=\"builder-section-text_25-column-1\">\n<div class=\"builder-text-content\">\n<p style=\"text-align: left;\">PDF Dateien zum lesen oder herunterladen:<\/p>\n<p style=\"text-align: left;\"><a href=\"https:\/\/www.pfoetchenlounge.de\/wp-content\/uploads\/2024\/03\/Infos-Neu-Bestandskunden.pdf\" target=\"_blank\" rel=\"noopener\">PDF: Infos Neu-Bestandskunden<\/a><\/p>\n<p style=\"text-align: left;\"><a href=\"https:\/\/www.pfoetchenlounge.de\/wp-content\/uploads\/2022\/10\/Datenschutzerklaerung.pdf\" target=\"_blank\" rel=\"noopener\">PDF: Datenschutzerkl\u00e4rung<\/a><\/p>\n<\/p><\/div>\n<\/p><\/div>\n<\/p><\/div>\n<\/p><\/div>\n<\/section>\n<section id=\"builder-section-banner_61\" class=\"builder-section-prev-text builder-section builder-section-banner builder-section-last\" style=\"background-size: cover; background-repeat: no-repeat;background-position: center center;\">\n<div class=\"builder-section-content\">\n\t\t\t\t\t\t\t<\/div>\n<\/section>\n","protected":false},"excerpt":{"rendered":"<p>Neuanmeldung PDF Dateien zum lesen oder herunterladen: PDF: Infos Neu-Bestandskunden PDF: Datenschutzerkl\u00e4rung<\/p>\n","protected":false},"author":1,"featured_media":0,"parent":0,"menu_order":0,"comment_status":"closed","ping_status":"closed","template":"template-builder.php","meta":{"footnotes":""},"_links":{"self":[{"href":"https:\/\/www.pfoetchenlounge.de\/index.php?rest_route=\/wp\/v2\/pages\/486"}],"collection":[{"href":"https:\/\/www.pfoetchenlounge.de\/index.php?rest_route=\/wp\/v2\/pages"}],"about":[{"href":"https:\/\/www.pfoetchenlounge.de\/index.php?rest_route=\/wp\/v2\/types\/page"}],"author":[{"embeddable":true,"href":"https:\/\/www.pfoetchenlounge.de\/index.php?rest_route=\/wp\/v2\/users\/1"}],"replies":[{"embeddable":true,"href":"https:\/\/www.pfoetchenlounge.de\/index.php?rest_route=%2Fwp%2Fv2%2Fcomments&post=486"}],"version-history":[{"count":10,"href":"https:\/\/www.pfoetchenlounge.de\/index.php?rest_route=\/wp\/v2\/pages\/486\/revisions"}],"predecessor-version":[{"id":545,"href":"https:\/\/www.pfoetchenlounge.de\/index.php?rest_route=\/wp\/v2\/pages\/486\/revisions\/545"}],"wp:attachment":[{"href":"https:\/\/www.pfoetchenlounge.de\/index.php?rest_route=%2Fwp%2Fv2%2Fmedia&parent=486"}],"curies":[{"name":"wp","href":"https:\/\/api.w.org\/{rel}","templated":true}]}}