{"id":5,"date":"2016-05-10T03:48:21","date_gmt":"2016-05-10T03:48:21","guid":{"rendered":"https:\/\/www.tierheilpraxis-hellwig.de\/?page_id=2"},"modified":"2026-01-27T15:05:29","modified_gmt":"2026-01-27T15:05:29","slug":"sample-page-2","status":"publish","type":"page","link":"https:\/\/www.pfoetchenlounge.de\/","title":{"rendered":"Willkommen"},"content":{"rendered":"\n<pre class=\"wp-block-preformatted\">Info: Neukundenaufnahme auf Anfrage<\/pre>\n\n\n<div class=\"wp-block-image\">\n<figure class=\"aligncenter size-full\"><img decoding=\"async\" loading=\"lazy\" width=\"750\" height=\"806\" src=\"https:\/\/www.pfoetchenlounge.de\/wp-content\/uploads\/2021\/08\/Sarah03-1.jpeg\" alt=\"\" class=\"wp-image-349\" srcset=\"https:\/\/www.pfoetchenlounge.de\/wp-content\/uploads\/2021\/08\/Sarah03-1.jpeg 750w, https:\/\/www.pfoetchenlounge.de\/wp-content\/uploads\/2021\/08\/Sarah03-1-279x300.jpeg 279w\" sizes=\"(max-width: 750px) 100vw, 750px\" \/><\/figure><\/div>\n\n<p class=\"p3\"><span class=\"s2\">Herzlich Willkommen auf meiner Homepage.<\/span><\/p>\n<p class=\"p3\"><span class=\"s2\">Kurz zu mir:<\/span><\/p>\n<p class=\"p3\"><span class=\"s2\">Mein Name ist Sarah Hellwig und ich bin 1992 geboren. Ich wohne mit meinen zwei Hunden und meiner Ponystute in Dingden.&nbsp;<\/span><\/p>\n<p class=\"p3\"><span class=\"s2\">Nach meiner Ausbildung zur tiermedizinischen Fachangestellten habe ich eine zus\u00e4tzliche Ausbildung zur Tierheilpraktikerin absolviert, da es f\u00fcr mich nicht ausreichend war, nur die eine Seite der Therapiem\u00f6glichkeiten kennenzulernen.&nbsp;<\/span><\/p>\n<p class=\"p3\"><span class=\"s2\">Die Hundefriseur Lehrg\u00e4nge runden meine Kompetenzen nun ab.&nbsp;<\/span><\/p>\n<p class=\"p3\"><span class=\"s2\">Bei Fragen bin ich nat\u00fcrlich per Telefon, WhatsApp oder E-Mail f\u00fcr Sie da.<\/span><\/p>\n<p class=\"p3\"><span class=\"s2\">Termine werden auch auf diese Weise entgegen genommen.<\/span><\/p>\n<p style=\"text-align: center;\"><strong>\u00d6ffnungszeiten:<\/strong><\/p>\n<p style=\"text-align: center;\"><strong>Adresse: Uhlandstra\u00dfe 16 in 46397 Bocholt<br \/><\/strong><\/p>\n<p class=\"p3\"><small><span class=\"s2\">Aus rechtlichen Gr\u00fcnden weise ich bereits an dieser Stelle darauf hin, dass die hier vorgestellten Behandlungsmethoden in meiner Tierheilpraxis nicht wissenschaftlich anerkannt sind.<\/span><\/small><\/p>\n<\/p>\n<p class=\"p2\">\n<p align=\"CENTER\"><strong><i><b>Sarah Hellwig<\/b><\/i><\/strong><\/p>\n<p align=\"CENTER\"><strong><i><b>Mobil: 0 15 78 \/ 8 41 42 49<\/b><\/i><\/strong><\/p>\n<p align=\"CENTER\"><strong><i><b>Email: <a href=\"mailto:info@pfoetchenlounge.de\">info@pfoetchenlounge.de<\/a><\/b><\/i><\/strong><\/p>","protected":false},"excerpt":{"rendered":"<p>Info: Neukundenaufnahme auf Anfrage Herzlich Willkommen auf meiner Homepage. Kurz zu mir: Mein Name ist Sarah Hellwig und ich bin 1992 geboren. Ich wohne mit meinen zwei Hunden und meiner Ponystute in Dingden.&nbsp; Nach meiner Ausbildung zur tiermedizinischen Fachangestellten habe ich eine zus\u00e4tzliche Ausbildung zur Tierheilpraktikerin absolviert, da es f\u00fcr mich nicht ausreichend war, nur &hellip;<\/p>\n","protected":false},"author":1,"featured_media":0,"parent":0,"menu_order":0,"comment_status":"closed","ping_status":"closed","template":"","meta":{"footnotes":""},"_links":{"self":[{"href":"https:\/\/www.pfoetchenlounge.de\/index.php?rest_route=\/wp\/v2\/pages\/5"}],"collection":[{"href":"https:\/\/www.pfoetchenlounge.de\/index.php?rest_route=\/wp\/v2\/pages"}],"about":[{"href":"https:\/\/www.pfoetchenlounge.de\/index.php?rest_route=\/wp\/v2\/types\/page"}],"author":[{"embeddable":true,"href":"https:\/\/www.pfoetchenlounge.de\/index.php?rest_route=\/wp\/v2\/users\/1"}],"replies":[{"embeddable":true,"href":"https:\/\/www.pfoetchenlounge.de\/index.php?rest_route=%2Fwp%2Fv2%2Fcomments&post=5"}],"version-history":[{"count":29,"href":"https:\/\/www.pfoetchenlounge.de\/index.php?rest_route=\/wp\/v2\/pages\/5\/revisions"}],"predecessor-version":[{"id":589,"href":"https:\/\/www.pfoetchenlounge.de\/index.php?rest_route=\/wp\/v2\/pages\/5\/revisions\/589"}],"wp:attachment":[{"href":"https:\/\/www.pfoetchenlounge.de\/index.php?rest_route=%2Fwp%2Fv2%2Fmedia&parent=5"}],"curies":[{"name":"wp","href":"https:\/\/api.w.org\/{rel}","templated":true}]}}